{"id":164,"date":"2019-07-08T14:09:26","date_gmt":"2019-07-08T12:09:26","guid":{"rendered":"https:\/\/www2.lib-it.de\/?page_id=164"},"modified":"2022-08-04T11:05:31","modified_gmt":"2022-08-04T09:05:31","slug":"compliance","status":"publish","type":"page","link":"https:\/\/www.lib-it.de\/en_us\/compliance\/","title":{"rendered":"Compliance"},"content":{"rendered":"<div data-elementor-type=\"wp-post\" data-elementor-id=\"164\" class=\"elementor elementor-164\" data-elementor-post-type=\"page\">\n\t\t\t\t\t\t<section class=\"elementor-section elementor-top-section elementor-element elementor-element-1b7d1023 elementor-section-full_width elementor-section-height-default elementor-section-height-default\" data-id=\"1b7d1023\" data-element_type=\"section\" data-e-type=\"section\" data-settings=\"{&quot;background_background&quot;:&quot;classic&quot;}\">\n\t\t\t\t\t\t<div class=\"elementor-container elementor-column-gap-default\">\n\t\t\t\t\t<div class=\"elementor-column elementor-col-100 elementor-top-column elementor-element elementor-element-2d2751f3\" data-id=\"2d2751f3\" data-element_type=\"column\" data-e-type=\"column\">\n\t\t\t<div class=\"elementor-widget-wrap elementor-element-populated\">\n\t\t\t\t\t\t<div class=\"elementor-element elementor-element-1379b61d elementor-nav-menu__align-center elementor-nav-menu--dropdown-tablet elementor-nav-menu__text-align-aside elementor-widget elementor-widget-global elementor-global-543 elementor-widget-nav-menu\" data-id=\"1379b61d\" data-element_type=\"widget\" data-e-type=\"widget\" data-settings=\"{&quot;submenu_icon&quot;:{&quot;value&quot;:&quot;fas fa-chevron-down&quot;,&quot;library&quot;:&quot;fa-solid&quot;},&quot;layout&quot;:&quot;horizontal&quot;}\" data-widget_type=\"nav-menu.default\">\n\t\t\t\t<div class=\"elementor-widget-container\">\n\t\t\t\t\t\t\t\t<nav aria-label=\"Men\u00fc\" class=\"elementor-nav-menu--main elementor-nav-menu__container elementor-nav-menu--layout-horizontal e--pointer-none\">\n\t\t\t\t<ul id=\"menu-1-1379b61d\" class=\"elementor-nav-menu\"><li class=\"menu-item menu-item-type-post_type menu-item-object-page menu-item-1866\"><a href=\"https:\/\/www.lib-it.de\/en_us\/filero\/\" class=\"elementor-item\">FILERO<\/a><\/li>\n<li class=\"menu-item menu-item-type-post_type menu-item-object-page menu-item-210\"><a href=\"https:\/\/www.lib-it.de\/en_us\/funktionsuebersicht\/\" class=\"elementor-item\">FILERO functional overview \/ Integration<\/a><\/li>\n<li class=\"menu-item menu-item-type-post_type menu-item-object-page menu-item-1813\"><a href=\"https:\/\/www.lib-it.de\/en_us\/digitale-transformation\/\" class=\"elementor-item\">Digital transformation<\/a><\/li>\n<li class=\"menu-item menu-item-type-post_type menu-item-object-page menu-item-195\"><a href=\"https:\/\/www.lib-it.de\/en_us\/compliance\/\" class=\"elementor-item\">Compliance<\/a><\/li>\n<li class=\"menu-item menu-item-type-post_type menu-item-object-page menu-item-3297\"><a href=\"https:\/\/www.lib-it.de\/en_us\/filero-produkt-video\/\" class=\"elementor-item\">FILERO Product Video<\/a><\/li>\n<\/ul>\t\t\t<\/nav>\n\t\t\t\t\t\t<nav class=\"elementor-nav-menu--dropdown elementor-nav-menu__container\" aria-hidden=\"true\">\n\t\t\t\t<ul id=\"menu-2-1379b61d\" class=\"elementor-nav-menu\"><li class=\"menu-item menu-item-type-post_type menu-item-object-page menu-item-1866\"><a href=\"https:\/\/www.lib-it.de\/en_us\/filero\/\" class=\"elementor-item\" tabindex=\"-1\">FILERO<\/a><\/li>\n<li class=\"menu-item menu-item-type-post_type menu-item-object-page menu-item-210\"><a href=\"https:\/\/www.lib-it.de\/en_us\/funktionsuebersicht\/\" class=\"elementor-item\" tabindex=\"-1\">FILERO functional overview \/ Integration<\/a><\/li>\n<li class=\"menu-item menu-item-type-post_type menu-item-object-page menu-item-1813\"><a href=\"https:\/\/www.lib-it.de\/en_us\/digitale-transformation\/\" class=\"elementor-item\" tabindex=\"-1\">Digital transformation<\/a><\/li>\n<li class=\"menu-item menu-item-type-post_type menu-item-object-page menu-item-195\"><a href=\"https:\/\/www.lib-it.de\/en_us\/compliance\/\" class=\"elementor-item\" tabindex=\"-1\">Compliance<\/a><\/li>\n<li class=\"menu-item menu-item-type-post_type menu-item-object-page menu-item-3297\"><a href=\"https:\/\/www.lib-it.de\/en_us\/filero-produkt-video\/\" class=\"elementor-item\" tabindex=\"-1\">FILERO Product Video<\/a><\/li>\n<\/ul>\t\t\t<\/nav>\n\t\t\t\t\t\t<\/div>\n\t\t\t\t<\/div>\n\t\t\t\t\t<\/div>\n\t\t<\/div>\n\t\t\t\t\t<\/div>\n\t\t<\/section>\n\t\t\t\t<section class=\"elementor-section elementor-top-section elementor-element elementor-element-3605a249 elementor-section-height-min-height elementor-section-content-middle elementor-section-boxed elementor-section-height-default elementor-section-items-middle\" data-id=\"3605a249\" data-element_type=\"section\" data-e-type=\"section\" data-settings=\"{&quot;background_background&quot;:&quot;classic&quot;}\">\n\t\t\t\t\t\t\t<div class=\"elementor-background-overlay\"><\/div>\n\t\t\t\t\t\t\t<div class=\"elementor-container elementor-column-gap-default\">\n\t\t\t\t\t<div class=\"elementor-column elementor-col-100 elementor-top-column elementor-element elementor-element-608bd2ee\" data-id=\"608bd2ee\" data-element_type=\"column\" data-e-type=\"column\">\n\t\t\t<div class=\"elementor-widget-wrap elementor-element-populated\">\n\t\t\t\t\t\t<div class=\"elementor-element elementor-element-fa36991 elementor-widget elementor-widget-heading\" data-id=\"fa36991\" data-element_type=\"widget\" data-e-type=\"widget\" data-widget_type=\"heading.default\">\n\t\t\t\t<div class=\"elementor-widget-container\">\n\t\t\t\t\t<h2 class=\"elementor-heading-title elementor-size-default\">COMPLIANCE<\/h2>\t\t\t\t<\/div>\n\t\t\t\t<\/div>\n\t\t\t\t\t<\/div>\n\t\t<\/div>\n\t\t\t\t\t<\/div>\n\t\t<\/section>\n\t\t\t\t<section class=\"elementor-section elementor-top-section elementor-element elementor-element-b5c6e12 elementor-section-boxed elementor-section-height-default elementor-section-height-default\" data-id=\"b5c6e12\" data-element_type=\"section\" data-e-type=\"section\">\n\t\t\t\t\t\t<div class=\"elementor-container elementor-column-gap-default\">\n\t\t\t\t\t<div class=\"elementor-column elementor-col-100 elementor-top-column elementor-element elementor-element-cff1fc5\" data-id=\"cff1fc5\" data-element_type=\"column\" data-e-type=\"column\">\n\t\t\t<div class=\"elementor-widget-wrap elementor-element-populated\">\n\t\t\t\t\t\t<div class=\"elementor-element elementor-element-dd4eb91 elementor-widget-divider--view-line elementor-widget elementor-widget-divider\" data-id=\"dd4eb91\" data-element_type=\"widget\" data-e-type=\"widget\" data-widget_type=\"divider.default\">\n\t\t\t\t<div class=\"elementor-widget-container\">\n\t\t\t\t\t\t\t<div class=\"elementor-divider\">\n\t\t\t<span class=\"elementor-divider-separator\">\n\t\t\t\t\t\t<\/span>\n\t\t<\/div>\n\t\t\t\t\t\t<\/div>\n\t\t\t\t<\/div>\n\t\t\t\t<div class=\"elementor-element elementor-element-477fa15 elementor-widget elementor-widget-heading\" data-id=\"477fa15\" data-element_type=\"widget\" data-e-type=\"widget\" data-widget_type=\"heading.default\">\n\t\t\t\t<div class=\"elementor-widget-container\">\n\t\t\t\t\t<h2 class=\"elementor-heading-title elementor-size-large\">COMPLIANCE (GoBD \/ DSGVO \/ SOX)<\/h2>\t\t\t\t<\/div>\n\t\t\t\t<\/div>\n\t\t\t\t\t<\/div>\n\t\t<\/div>\n\t\t\t\t\t<\/div>\n\t\t<\/section>\n\t\t\t\t<section class=\"elementor-section elementor-top-section elementor-element elementor-element-ad971e7 elementor-section-height-min-height elementor-section-content-middle elementor-section-boxed elementor-section-height-default elementor-section-items-middle\" data-id=\"ad971e7\" data-element_type=\"section\" data-e-type=\"section\" data-settings=\"{&quot;background_background&quot;:&quot;classic&quot;}\">\n\t\t\t\t\t\t<div class=\"elementor-container elementor-column-gap-default\">\n\t\t\t\t\t<div class=\"elementor-column elementor-col-100 elementor-top-column elementor-element elementor-element-b560da6\" data-id=\"b560da6\" data-element_type=\"column\" data-e-type=\"column\">\n\t\t\t<div class=\"elementor-widget-wrap elementor-element-populated\">\n\t\t\t\t\t\t<div class=\"elementor-element elementor-element-d43efac elementor-widget elementor-widget-text-editor\" data-id=\"d43efac\" data-element_type=\"widget\" data-e-type=\"widget\" data-widget_type=\"text-editor.default\">\n\t\t\t\t<div class=\"elementor-widget-container\">\n\t\t\t\t\t\t\t\t\t<p>These compliance regulations determine the discussion in connection with the digital transformation:<\/p><ul><li>The Principles for the Proper Keeping and Storage of Books, Records and Documents in Electronic Form and for Data Access (GoBD). The BMF letter of 14 November 2014 summarises the requirements of the tax authorities for IT-supported accounting in a practice-oriented manner and ensures the legal clarity that is important in companies.<\/li><li>With the EU General Data Protection Regulation (GDPR), the European legislator has adopted a uniform legal basis for the processing of personal data, which is directly applicable in all EU member states as of May 25, 2018. Compliance requires reliable IT systems, clear structures and transparency.<\/li><li>Sarbanes-Oxley Act (2002, United States. Legislation - SOX), which introduced new standards for responsible business management. Data management is an essential part of the act).<\/li><\/ul><h3>\u00a0<br \/><br \/><strong>FILERO supports you in complying with compliance regulations.<\/strong><\/h3>\t\t\t\t\t\t\t\t<\/div>\n\t\t\t\t<\/div>\n\t\t\t\t\t<\/div>\n\t\t<\/div>\n\t\t\t\t\t<\/div>\n\t\t<\/section>\n\t\t\t\t<\/div>","protected":false},"excerpt":{"rendered":"<p>COMPLIANCE COMPLIANCE (GoBD \/ DSGVO \/ SOX) Diese Compliance-Vorschriften bestimmen die Diskussion im Zusammenhang mit der Digitalen Transformation: Die Grunds\u00e4tze zur ordnungsm\u00e4\u00dfigen F\u00fchrung und Aufbewahrung von B\u00fcchern, Aufzeichnungen und Unterlagen in elektronischer Form sowie zum Datenzugriff (GoBD). Das BMF-Schreiben vom 14.11.2014 fasst die Anforderungen der Finanzverwaltung an eine IT-gest\u00fctzte Buchf\u00fchrung praxisgerecht zusammen und sorgt f\u00fcr [&hellip;]<\/p>\n","protected":false},"author":2,"featured_media":0,"parent":0,"menu_order":42,"comment_status":"closed","ping_status":"closed","template":"elementor_header_footer","meta":{"footnotes":""},"class_list":["post-164","page","type-page","status-publish","hentry"],"_links":{"self":[{"href":"https:\/\/www.lib-it.de\/en_us\/wp-json\/wp\/v2\/pages\/164","targetHints":{"allow":["GET"]}}],"collection":[{"href":"https:\/\/www.lib-it.de\/en_us\/wp-json\/wp\/v2\/pages"}],"about":[{"href":"https:\/\/www.lib-it.de\/en_us\/wp-json\/wp\/v2\/types\/page"}],"author":[{"embeddable":true,"href":"https:\/\/www.lib-it.de\/en_us\/wp-json\/wp\/v2\/users\/2"}],"replies":[{"embeddable":true,"href":"https:\/\/www.lib-it.de\/en_us\/wp-json\/wp\/v2\/comments?post=164"}],"version-history":[{"count":42,"href":"https:\/\/www.lib-it.de\/en_us\/wp-json\/wp\/v2\/pages\/164\/revisions"}],"predecessor-version":[{"id":2093,"href":"https:\/\/www.lib-it.de\/en_us\/wp-json\/wp\/v2\/pages\/164\/revisions\/2093"}],"wp:attachment":[{"href":"https:\/\/www.lib-it.de\/en_us\/wp-json\/wp\/v2\/media?parent=164"}],"curies":[{"name":"wp","href":"https:\/\/api.w.org\/{rel}","templated":true}]}}