{"id":1565,"date":"2022-07-21T12:04:53","date_gmt":"2022-07-21T10:04:53","guid":{"rendered":"https:\/\/www2.lib-it.de\/?page_id=1565"},"modified":"2023-06-22T13:50:31","modified_gmt":"2023-06-22T11:50:31","slug":"digitale-transformation","status":"publish","type":"page","link":"https:\/\/www.lib-it.de\/en_us\/digitale-transformation\/","title":{"rendered":"Digital transformation"},"content":{"rendered":"<div data-elementor-type=\"wp-page\" data-elementor-id=\"1565\" class=\"elementor elementor-1565\" data-elementor-post-type=\"page\">\n\t\t\t\t\t\t<section class=\"elementor-section elementor-top-section elementor-element elementor-element-f986e72 elementor-section-boxed elementor-section-height-default elementor-section-height-default\" data-id=\"f986e72\" data-element_type=\"section\" data-e-type=\"section\" data-settings=\"{&quot;background_background&quot;:&quot;classic&quot;}\">\n\t\t\t\t\t\t<div class=\"elementor-container elementor-column-gap-default\">\n\t\t\t\t\t<div class=\"elementor-column elementor-col-100 elementor-top-column elementor-element elementor-element-0221e05\" data-id=\"0221e05\" data-element_type=\"column\" data-e-type=\"column\">\n\t\t\t<div class=\"elementor-widget-wrap elementor-element-populated\">\n\t\t\t\t\t\t<div class=\"elementor-element elementor-element-381c045 elementor-nav-menu__align-center elementor-nav-menu--dropdown-tablet elementor-nav-menu__text-align-aside elementor-widget elementor-widget-global elementor-global-543 elementor-widget-nav-menu\" data-id=\"381c045\" data-element_type=\"widget\" data-e-type=\"widget\" data-settings=\"{&quot;submenu_icon&quot;:{&quot;value&quot;:&quot;fas fa-chevron-down&quot;,&quot;library&quot;:&quot;fa-solid&quot;},&quot;layout&quot;:&quot;horizontal&quot;}\" data-widget_type=\"nav-menu.default\">\n\t\t\t\t<div class=\"elementor-widget-container\">\n\t\t\t\t\t\t\t\t<nav aria-label=\"Men\u00fc\" class=\"elementor-nav-menu--main elementor-nav-menu__container elementor-nav-menu--layout-horizontal e--pointer-none\">\n\t\t\t\t<ul id=\"menu-1-381c045\" class=\"elementor-nav-menu\"><li class=\"menu-item menu-item-type-post_type menu-item-object-page menu-item-1866\"><a href=\"https:\/\/www.lib-it.de\/en_us\/filero\/\" class=\"elementor-item\">FILERO<\/a><\/li>\n<li class=\"menu-item menu-item-type-post_type menu-item-object-page menu-item-210\"><a href=\"https:\/\/www.lib-it.de\/en_us\/funktionsuebersicht\/\" class=\"elementor-item\">FILERO functional overview \/ Integration<\/a><\/li>\n<li class=\"menu-item menu-item-type-post_type menu-item-object-page menu-item-1813\"><a href=\"https:\/\/www.lib-it.de\/en_us\/digitale-transformation\/\" class=\"elementor-item\">Digital transformation<\/a><\/li>\n<li class=\"menu-item menu-item-type-post_type menu-item-object-page menu-item-195\"><a href=\"https:\/\/www.lib-it.de\/en_us\/compliance\/\" class=\"elementor-item\">Compliance<\/a><\/li>\n<li class=\"menu-item menu-item-type-post_type menu-item-object-page menu-item-3297\"><a href=\"https:\/\/www.lib-it.de\/en_us\/filero-produkt-video\/\" class=\"elementor-item\">FILERO Product Video<\/a><\/li>\n<\/ul>\t\t\t<\/nav>\n\t\t\t\t\t\t<nav class=\"elementor-nav-menu--dropdown elementor-nav-menu__container\" aria-hidden=\"true\">\n\t\t\t\t<ul id=\"menu-2-381c045\" class=\"elementor-nav-menu\"><li class=\"menu-item menu-item-type-post_type menu-item-object-page menu-item-1866\"><a href=\"https:\/\/www.lib-it.de\/en_us\/filero\/\" class=\"elementor-item\" tabindex=\"-1\">FILERO<\/a><\/li>\n<li class=\"menu-item menu-item-type-post_type menu-item-object-page menu-item-210\"><a href=\"https:\/\/www.lib-it.de\/en_us\/funktionsuebersicht\/\" class=\"elementor-item\" tabindex=\"-1\">FILERO functional overview \/ Integration<\/a><\/li>\n<li class=\"menu-item menu-item-type-post_type menu-item-object-page menu-item-1813\"><a href=\"https:\/\/www.lib-it.de\/en_us\/digitale-transformation\/\" class=\"elementor-item\" tabindex=\"-1\">Digital transformation<\/a><\/li>\n<li class=\"menu-item menu-item-type-post_type menu-item-object-page menu-item-195\"><a href=\"https:\/\/www.lib-it.de\/en_us\/compliance\/\" class=\"elementor-item\" tabindex=\"-1\">Compliance<\/a><\/li>\n<li class=\"menu-item menu-item-type-post_type menu-item-object-page menu-item-3297\"><a href=\"https:\/\/www.lib-it.de\/en_us\/filero-produkt-video\/\" class=\"elementor-item\" tabindex=\"-1\">FILERO Product Video<\/a><\/li>\n<\/ul>\t\t\t<\/nav>\n\t\t\t\t\t\t<\/div>\n\t\t\t\t<\/div>\n\t\t\t\t\t<\/div>\n\t\t<\/div>\n\t\t\t\t\t<\/div>\n\t\t<\/section>\n\t\t\t\t<section class=\"elementor-section elementor-top-section elementor-element elementor-element-913d3bd elementor-section-height-min-height elementor-section-boxed elementor-section-height-default elementor-section-items-middle\" data-id=\"913d3bd\" data-element_type=\"section\" data-e-type=\"section\" data-settings=\"{&quot;background_background&quot;:&quot;classic&quot;}\">\n\t\t\t\t\t\t\t<div class=\"elementor-background-overlay\"><\/div>\n\t\t\t\t\t\t\t<div class=\"elementor-container elementor-column-gap-default\">\n\t\t\t\t\t<div class=\"elementor-column elementor-col-100 elementor-top-column elementor-element elementor-element-a58ec55\" data-id=\"a58ec55\" data-element_type=\"column\" data-e-type=\"column\">\n\t\t\t<div class=\"elementor-widget-wrap elementor-element-populated\">\n\t\t\t\t\t\t<div class=\"elementor-element elementor-element-4f57ddf elementor-widget elementor-widget-heading\" data-id=\"4f57ddf\" data-element_type=\"widget\" data-e-type=\"widget\" data-widget_type=\"heading.default\">\n\t\t\t\t<div class=\"elementor-widget-container\">\n\t\t\t\t\t<h2 class=\"elementor-heading-title elementor-size-default\">DIGITAL TRANSFORMATION<\/h2>\t\t\t\t<\/div>\n\t\t\t\t<\/div>\n\t\t\t\t\t<\/div>\n\t\t<\/div>\n\t\t\t\t\t<\/div>\n\t\t<\/section>\n\t\t\t\t<section class=\"elementor-section elementor-top-section elementor-element elementor-element-11c9c6c5 elementor-section-height-min-height elementor-section-content-middle elementor-section-boxed elementor-section-height-default elementor-section-items-middle\" data-id=\"11c9c6c5\" data-element_type=\"section\" data-e-type=\"section\" data-settings=\"{&quot;background_background&quot;:&quot;classic&quot;}\">\n\t\t\t\t\t\t<div class=\"elementor-container elementor-column-gap-default\">\n\t\t\t\t\t<div class=\"elementor-column elementor-col-100 elementor-top-column elementor-element elementor-element-6c900243\" data-id=\"6c900243\" data-element_type=\"column\" data-e-type=\"column\">\n\t\t\t<div class=\"elementor-widget-wrap elementor-element-populated\">\n\t\t\t\t\t\t<div class=\"elementor-element elementor-element-786e3ccb elementor-widget-divider--view-line elementor-widget elementor-widget-divider\" data-id=\"786e3ccb\" data-element_type=\"widget\" data-e-type=\"widget\" data-widget_type=\"divider.default\">\n\t\t\t\t<div class=\"elementor-widget-container\">\n\t\t\t\t\t\t\t<div class=\"elementor-divider\">\n\t\t\t<span class=\"elementor-divider-separator\">\n\t\t\t\t\t\t<\/span>\n\t\t<\/div>\n\t\t\t\t\t\t<\/div>\n\t\t\t\t<\/div>\n\t\t\t\t<div class=\"elementor-element elementor-element-2b92de7b elementor-widget elementor-widget-text-editor\" data-id=\"2b92de7b\" data-element_type=\"widget\" data-e-type=\"widget\" data-widget_type=\"text-editor.default\">\n\t\t\t\t<div class=\"elementor-widget-container\">\n\t\t\t\t\t\t\t\t\t<p>Digital transformation is the natural consequence of an increasingly networked world and is changing our working lives enormously. In the process, users are accessing a wide variety of communication channels that make their work more flexible and easier, regardless of location. An integrated and intelligent enterprise information management platform is needed to successfully exploit these changes. This EIM platform enables us to structure, merge and evaluate data from a wide variety of sources - just in time - when a user or a process needs it.<\/p><p>Data in heterogeneous systems thus becomes a homogeneous information and knowledge platform that supports the digital transformation in the company. Digital transformation requires an infrastructure that is flexible enough to meet the needs of both users and companies.<\/p><p>With the EIM platform FILERO, you have the ideal basis for the transformation and implementation of digital transformation!<\/p>\t\t\t\t\t\t\t\t<\/div>\n\t\t\t\t<\/div>\n\t\t\t\t\t<\/div>\n\t\t<\/div>\n\t\t\t\t\t<\/div>\n\t\t<\/section>\n\t\t\t\t<\/div>","protected":false},"excerpt":{"rendered":"<p>DIGITALE TRANSFORMATION Digitale Transformation ist die nat\u00fcrliche Konsequenz einer immer mehr vernetzten Welt und ver\u00e4ndert unser Arbeitsleben enorm. Dabei greifen Nutzer auf verschiedenste Kommunikationskan\u00e4le zur\u00fcck, die ihre Arbeit flexibler und ortsunabh\u00e4ngig gestalten und erleichtern. Um diese Ver\u00e4nderungen erfolgreich zu nutzen wird eine integrierte und intelligente Enterprise Information Management Plattform ben\u00f6tigt. Diese EIM-Plattform gibt uns die [&hellip;]<\/p>\n","protected":false},"author":2,"featured_media":0,"parent":0,"menu_order":0,"comment_status":"closed","ping_status":"closed","template":"elementor_header_footer","meta":{"footnotes":""},"class_list":["post-1565","page","type-page","status-publish","hentry"],"_links":{"self":[{"href":"https:\/\/www.lib-it.de\/en_us\/wp-json\/wp\/v2\/pages\/1565","targetHints":{"allow":["GET"]}}],"collection":[{"href":"https:\/\/www.lib-it.de\/en_us\/wp-json\/wp\/v2\/pages"}],"about":[{"href":"https:\/\/www.lib-it.de\/en_us\/wp-json\/wp\/v2\/types\/page"}],"author":[{"embeddable":true,"href":"https:\/\/www.lib-it.de\/en_us\/wp-json\/wp\/v2\/users\/2"}],"replies":[{"embeddable":true,"href":"https:\/\/www.lib-it.de\/en_us\/wp-json\/wp\/v2\/comments?post=1565"}],"version-history":[{"count":40,"href":"https:\/\/www.lib-it.de\/en_us\/wp-json\/wp\/v2\/pages\/1565\/revisions"}],"predecessor-version":[{"id":2650,"href":"https:\/\/www.lib-it.de\/en_us\/wp-json\/wp\/v2\/pages\/1565\/revisions\/2650"}],"wp:attachment":[{"href":"https:\/\/www.lib-it.de\/en_us\/wp-json\/wp\/v2\/media?parent=1565"}],"curies":[{"name":"wp","href":"https:\/\/api.w.org\/{rel}","templated":true}]}}